{"id":42,"date":"2016-10-06T21:09:29","date_gmt":"2016-10-06T19:09:29","guid":{"rendered":"http:\/\/www.danaroesiger.com\/?page_id=42"},"modified":"2024-04-08T08:28:45","modified_gmt":"2024-04-08T06:28:45","slug":"datenschutz","status":"publish","type":"page","link":"https:\/\/www.danaroesiger.com\/de\/datenschutz\/","title":{"rendered":"Datenschutz"},"content":{"rendered":"<h1>Datenschutzerkl\u00e4rung<\/h1>\n<p>Alle hier erhobenen Daten werden in unserem Verantwortungsbereich entsprechend den Vorschriften der Europ\u00e4ischen Datenschutz-Grundverordnung (DSGVO) und in \u00dcbereinstimmung mit den f\u00fcr uns geltenden landesspezifischen Datenschutzbestimmungen wie das Bundesdatenschutzgesetz (BDSG) und das Telemediengesetz (TMG) behandelt.<\/p>\n<h2>Verantwortliche Stelle im Sinne der Datenschutzgesetze ist:<\/h2>\n<div>Dana R\u00f6siger<br \/>\n69126 Heidelberg<\/div>\n<p><span class=\"marker\">Ein Datenschutzbeauftragter ist nicht bestellt, da die zugeh\u00f6rigen Tatbest\u00e4nde nach Artikel 37 DSGVO nicht vorliegen.<\/span><\/p>\n<h2>Zweck\u00a0der Verarbeitung und Dauer der Speicherung von Daten<\/h2>\n<p>Zweck der Verarbeitung von Daten ist das Betreiben einer Website mit Informationen zu unseren Dienstleistungen, zu unserem Unternehmen sowie der Darstellung und dem Angebot von Dienstleistungen zu diesen Themen.<\/p>\n<p>Sofern nicht anders benannt, werden die Daten nur so lange gespeichert, bis der Zweck erf\u00fcllt ist, zu dem sie uns anvertraut wurden. Soweit handels-, steuer- oder verwaltungsrechtliche Aufbewahrungsfristen zu beachten sind, kann die Speicherdauer bestimmter\u00a0Daten bis zu 10 Jahren betragen.<\/p>\n<h2>Erfassung allgemeiner Informationen<\/h2>\n<p>Wenn Sie auf unsere Webseite zugreifen, werden automatisch Informationen allgemeiner Natur erfasst. Diese Informationen (Server-Logfiles) k\u00f6nnen beinhalten:<\/p>\n<ul>\n<li>die u.U. anonymisierte IP-Adresse des anfordernden Rechners<\/li>\n<li>Datum und Uhrzeit der Anforderung<\/li>\n<li>vom anfordernden Rechner gew\u00fcnschte Zugriffsmethode\/Funktion<\/li>\n<li>vom anfordernden Rechner \u00fcbermittelte Eingabewerte\u00a0(z.B. Dateiname)<\/li>\n<li>Zugriffsstatus des Web-Servers\u00a0(Datei \u00fcbertragen, Datei nicht gefunden, Kommando nicht ausgef\u00fchrt, etc.)<\/li>\n<li>URL, von der aus die Datei angefordert\/die gew\u00fcnschte Funktion veranlasst wurde<\/li>\n<li>Browser-Kennung<\/li>\n<\/ul>\n<p>Diese Informationen sind technisch notwendig, um von Ihnen angeforderte Inhalte von Webseiten korrekt auszuliefern und fallen bei Nutzung des Internets zwingend an. Zus\u00e4tzlich verwenden wir die Daten zur Identifikation und Nachverfolgung unzul\u00e4ssiger Zugriffsversuche und Zugriffe auf den Web-Server. Die Daten werden sonst nur zur Erstellung anonymisierter Zugriffsstatistiken zur Optimierung des Webangebots verwendet. Zugriffsprofile werden nicht erstellt.<\/p>\n<p>Es handelt sich ausschlie\u00dflich um Informationen, welche keine R\u00fcckschl\u00fcsse auf Ihre Person zulassen, da die <span class=\"marker\">IP-Adresse nicht gespeichert bzw. anonymisiert<\/span> wird. Die protokollierten Daten werden f\u00fcr die Dauer von <span class=\"marker\">9 Wochen<\/span> gespeichert und dann gel\u00f6scht, es sei denn, ein erkannter Web-Angriff f\u00fchrt zu einer zivil- oder strafrechtlichen Verfolgung des Angreifers.<\/p>\n<h2>Cookies<\/h2>\n<p>Wie viele andere Webseiten verwenden wir auch so genannte \u201eCookies\u201c. Cookies sind kleine Textdateien, die von einem Webseitenserver auf Ihre Festplatte \u00fcbertragen werden. Cookies k\u00f6nnen nicht verwendet werden, um Programme zu starten oder Viren auf einen Computer zu \u00fcbertragen.\u00a0In keinem Fall werden die von uns erfassten Daten an Dritte weitergegeben oder ohne Ihre Einwilligung eine Verkn\u00fcpfung mit personenbezogenen Daten hergestellt.<\/p>\n<p>Wir erhalten automatisch bestimmte Daten wie z. B. IP-Adresse, verwendeter Browser, Betriebssystem \u00fcber Ihren Computer und Ihre Verbindung zum Internet. Anhand der in Cookies enthaltenen Informationen k\u00f6nnen wir Ihnen die Navigation erleichtern, die korrekte Anzeige unserer Webseiten erm\u00f6glichen und den Server,\u00a0die Internetseiten sowie die Inhalte optimieren.\u00a0Die Speicherung des Cookies erfolgt auf Grundlage von Art. 6 Abs. 1 lit. f DSGVO. Wir haben ein berechtigtes Interesse an der anonymisierten Analyse des Nutzerverhaltens, um sowohl unser Webangebot als auch unsere Werbung zu optimieren.<\/p>\n<p>Sie k\u00f6nnen Ihren Browser so einstellen, dass Sie \u00fcber das Setzen von Cookies informiert werden und Cookies nur im Einzelfall erlauben, die Annahme von Cookies f\u00fcr bestimmte F\u00e4lle oder generell ausschlie\u00dfen sowie das automatische L\u00f6schen der Cookies beim Schlie\u00dfen des Browser aktivieren. Bitte verwenden Sie die Hilfefunktionen Ihres Internetbrowsers, um zu erfahren, wie Sie diese Einstellungen \u00e4ndern k\u00f6nnen oder informieren Sie sich unter <a href=\"http:\/\/www.allaboutcookies.org\/ge\/cookies-verwalten\/\">http:\/\/www.allaboutcookies.org\/ge\/cookies-verwalten\/<\/a>. Bitte beachten Sie, dass einzelne Funktionen unserer Website m\u00f6glicherweise nicht funktionieren, wenn Sie die Verwendung von Cookies deaktiviert haben.<\/p>\n<p>Soweit Sie uns durch Ihre Browsereinstellungen oder Zustimmung die Verwendung von Cookies erlauben, k\u00f6nnen folgende Cookies auf unseren Webseiten zum Einsatz kommen:<\/p>\n<p><script type=\"text\/javascript\" charset=\"UTF-8\" data-cookiescriptreport=\"report\" src=\"\/\/report.cookie-script.com\/r\/191ef5b78ddf107024a5a4bba06d5caf.js\"><\/script><\/p>\n<p>Soweit diese Cookies (auch) personenbezogene Daten betreffen k\u00f6nnen, informieren wir Sie dar\u00fcber weiter unten.<\/p>\n<h3>Consentmanager<\/h3>\n<p>Wir verwenden auf unserer Website das Cookie-\/Consent-Management-Tool der Objectis Ltd. (Objectis Ltd., Laisves st. 60, LT-05120 Vilnius, Litauen; <a href=\"https:\/\/cookie-script.com\/de\/\">www.cookie-script.com<\/a>; \u201eConsentmanager\u201c).<\/p>\n<p>Das Tool erm\u00f6glicht es Ihnen, Einwilligungen in Datenverarbeitungen \u00fcber die Website, insbesondere das Setzen von Cookies, zu erteilen sowie von Ihrem Widerrufsrecht f\u00fcr bereits erteilte Einwilligungen Gebrauch zu machen.<\/p>\n<p>Die Datenverarbeitung dient dem Zweck, erforderliche Einwilligungen in Datenverarbeitungen einzuholen sowie zu dokumentieren und damit gesetzliche Verpflichtungen einzuhalten. Hierzu k\u00f6nnen Cookies eingesetzt werden. Dabei k\u00f6nnen u. a. folgende Informationen erhoben und an denConsentmanager \u00fcbermittelt werden: Datum und Uhrzeit des Seitenaufrufs, Informationen zu dem von Ihnen verwendeten Browser und das von Ihnen genutzte Ger\u00e4t, anonymisierte IP-Adresse, Opt-in- und Opt-out-Daten. Eine Weitergabe dieser Daten an sonstige Dritte erfolgt nicht.<\/p>\n<p>Die Datenverarbeitung erfolgt zur Erf\u00fcllung einer rechtlichen Verpflichtung auf Grundlage des Art. 6 Abs. 1 lit. c DSGVO sowie unserem berechtigten Interesse gem\u00e4\u00df Art. 6 Abs. 1 lit. f DSGVO.<br \/>\nN\u00e4here Informationen zum Datenschutz des Consentmanagers finden Sie unter: <a href=\"https:\/\/cookie-script.com\/privacy-policy.html\">https:\/\/cookie-script.com\/privacy-policy.html<\/a><\/p>\n<h2>SSL-Verschl\u00fcsselung<\/h2>\n<p>Um die Sicherheit Ihrer Daten bei der \u00dcbertragung zu sch\u00fctzen, verwenden wir dem aktuellen Stand der Technik entsprechende Verschl\u00fcsselungsverfahren (z. B. SSL) \u00fcber HTTPS.<\/p>\n<h2>L\u00f6schung bzw. Sperrung der Daten<\/h2>\n<p>Wir halten uns an die Grunds\u00e4tze der Datenvermeidung und Datensparsamkeit. Wir speichern Ihre personenbezogenen Daten daher nur so lange, wie dies zur Erreichung der hier genannten Zwecke erforderlich ist oder wie es die vom Gesetzgeber vorgesehenen vielf\u00e4ltigen Speicherfristen vorsehen. Nach Fortfall des jeweiligen Zweckes bzw. Ablauf dieser Fristen werden die entsprechenden Daten routinem\u00e4\u00dfig und entsprechend den gesetzlichen Vorschriften gesperrt oder gel\u00f6scht.<\/p>\n<h2>Analyse mit SlimStat<\/h2>\n<p>Diese Website nutzt WP-SlimStat (<a href=\"http:\/\/wordpress.org\/extend\/plugins\/wp-slimstat\" target=\"_blank\" rel=\"noopener noreferrer\">http:\/\/wordpress.org\/extend\/plugins\/wp-slimstat<\/a>), einen Webanalysedienst. WP-SlimStats verwendet u.U. sogenannte \u201cCookies\u201d (s.o.). Diese Informationen werden auf unseren Serverbereich in Deutschland gespeichert und nicht an Dritte weitergegeben.<\/p>\n<p><span class=\"marker\">Zus\u00e4tzlicher Hinweis:<\/span> wir k\u00fcrzen die IP-Adresse, d.h. es werden Teile der IP-Adresse entfernt um eine eindeutige Zuordnung zu unterbinden. Des Weiteren haben wir die Verwendung von Cookies ausgeschaltet. Zus\u00e4tzlich befolgen wie die Do-not-Track-Einstellung (DNT) Ihres Browsers. Die Dauer der Speicherung betr\u00e4gt maximal <span class=\"marker\">426 Tage (14 Monate)<\/span> und die Daten werden danach gel\u00f6scht.<\/p>\n<h2>Verwendung von Google Maps<\/h2>\n<p>Diese Webseite verwendet Google Maps API, um geographische Informationen visuell darzustellen. Bei der Nutzung werden durch den Dienst auch Daten \u00fcber die Nutzung der Kartenfunktionen durch Besucher erhoben, verarbeitet und genutzt. N\u00e4here Informationen \u00fcber die Datenverarbeitung durch k\u00f6nnen Sie <a href=\"http:\/\/www.google.com\/privacypolicy.html\">Datenschutzhinweisen<\/a>\u00a0des Dienstes entnehmen. Dort k\u00f6nnen Sie im Datenschutzcenter auch Ihre pers\u00f6nlichen Datenschutz-Einstellungen ver\u00e4ndern.<\/p>\n<p>Ausf\u00fchrliche Anleitungen zur Verwaltung der eigenen Daten im Zusammenhang mit Google-Produkten<a href=\"http:\/\/www.dataliberation.org\/\"> finden Sie hier<\/a>.<\/p>\n<h2>Eingebettete YouTube-Videos<\/h2>\n<p>Auf einigen unserer Webseiten betten wir Youtube-Videos ein. Betreiber der entsprechenden Plugins ist die YouTube, LLC, 901 Cherry Ave., San Bruno, CA 94066, USA. Wenn Sie eine Seite mit einem\u00a0Video\u00a0besuchen, wird eine Verbindung zu Servern des Dienstes hergestellt und der Dienst setzt Cookies\u00a0 (s.o.) ein, die Hinweise \u00fcber das Nutzerverhalten sammeln. Dabei wird dem Dienst mitgeteilt, welche Seiten Sie besuchen. Wenn Sie einen Account bei dem Dienst oder Partnern des Dienstes besitzen und in diesem Account eingeloggt sind, kann Ihr Surfverhalten Ihnen pers\u00f6nlich zugeordnet werden. Dies verhindern Sie, indem Sie sich vorher aus dem Account des Dienstes ausloggen.<\/p>\n<p>Wer das Speichern von Cookies f\u00fcr das <span class=\"marker\">Google-Ad<\/span>-Programm deaktiviert hat, wird auch beim Anschauen von YouTube-Videos mit keinen solchen Cookies rechnen m\u00fcssen. YouTube legt aber auch in anderen Cookies nicht-personenbezogene Nutzungsinformationen ab. M\u00f6chten Sie dies verhindern, so m\u00fcssen Sie das Speichern von Cookies im Browser blockieren (s.o.).<\/p>\n<p>Weitere Informationen zum Datenschutz des Dienstes finden Sie in der Datenschutzerkl\u00e4rung des Anbieters unter: <a href=\"https:\/\/www.google.de\/intl\/de\/policies\/privacy\/\">https:\/\/www.google.de\/intl\/de\/policies\/privacy\/ <\/a><\/p>\n<h2>Ihre Rechte auf Auskunft, Berichtigung, Sperre, Einschr\u00e4nkung, L\u00f6schung, Beschwerde und Widerspruch<\/h2>\n<p>Sie haben das Recht, jederzeit Auskunft \u00fcber Ihre bei uns gespeicherten personenbezogenen Daten zu erhalten. Ebenso haben Sie das Recht auf Berichtigung, Sperrung oder, abgesehen von der vorgeschriebenen Datenspeicherung zur Gesch\u00e4ftsabwicklung, L\u00f6schung Ihrer personenbezogenen Daten. Bitte wenden Sie sich dazu an die verantwortliche Stelle (Kontaktdaten siehe oben).<\/p>\n<p>Damit eine Sperre von Daten jederzeit ber\u00fccksichtigt werden kann, m\u00fcssen diese Daten zu Kontrollzwecken in einer Sperrdatei vorgehalten werden. Sie k\u00f6nnen auch die L\u00f6schung der Daten verlangen, soweit keine gesetzliche Archivierungsverpflichtung besteht. Soweit eine solche Verpflichtung besteht, sperren wir Ihre Daten auf Wunsch.<\/p>\n<p>Sie k\u00f6nnen \u00c4nderungen oder den Widerruf einer Einwilligung durch entsprechende Mitteilung an uns mit Wirkung f\u00fcr die Zukunft vornehmen.<\/p>\n<p>Gem\u00e4\u00df Art. 77 DSGVO k\u00f6nnen Sie sich bei einer Aufsichtsbeh\u00f6rde beschweren, wenn Sie der Ansicht sind, dass die Verarbeitung Ihrer personenbezogenen Daten rechtswidrig erfolgt. Weitere Informationen zur Beschwerde finden Sie bei Ihrer jeweiligen Aufsichtsbeh\u00f6rde. Die Adressen dazu finden Sie\u00a0unter <a href=\"https:\/\/www.bfdi.bund.de\/DE\/Infothek\/Anschriften_Links\/anschriften_links-node.html\/\" target=\"_blank\" rel=\"noopener noreferrer\">https:\/\/www.bfdi.bund.de\/DE\/Infothek\/Anschriften_Links\/anschriften_links-node.html<\/a>.<\/p>\n<h2>\u00c4nderung unserer Datenschutzbestimmungen<\/h2>\n<p>Wir behalten uns vor, diese Datenschutzerkl\u00e4rung gelegentlich anzupassen, damit sie stets den aktuellen rechtlichen Anforderungen entspricht oder um \u00c4nderungen unserer Leistungen in der Datenschutzerkl\u00e4rung umzusetzen, z. B. bei der Einf\u00fchrung neuer Services. F\u00fcr Ihren erneuten Besuch gilt dann die neue Datenschutzerkl\u00e4rung.<\/p>\n<h2>Fragen zum Datenschutz<\/h2>\n<p>Wenn Sie Fragen zum Datenschutz haben, schreiben Sie uns bitte eine E-Mail oder wenden Sie sich direkt an uns (Kontaktdaten siehe oben).<\/p>\n<p><small>Die Datenschutzerkl\u00e4rung wurde mit dem <a href=\"https:\/\/www.activemind.de\/datenschutz\/datenschutzhinweis-generator\/\">Datenschutzerkl\u00e4rungs-Generator der activeMind AG erstellt<\/a> und wurde nachtr\u00e4glich bearbeitet.<br \/>\n<\/small><\/p>\n","protected":false},"excerpt":{"rendered":"<p>Datenschutzerkl\u00e4rung Alle hier erhobenen Daten werden in unserem Verantwortungsbereich entsprechend den Vorschriften der Europ\u00e4ischen Datenschutz-Grundverordnung (DSGVO) und in \u00dcbereinstimmung mit den f\u00fcr uns geltenden landesspezifischen Datenschutzbestimmungen wie das Bundesdatenschutzgesetz (BDSG) und das Telemediengesetz (TMG) behandelt. Verantwortliche Stelle im Sinne der Datenschutzgesetze ist: Dana R\u00f6siger 69126 Heidelberg Ein Datenschutzbeauftragter ist nicht bestellt, da die zugeh\u00f6rigen Tatbest\u00e4nde nach Artikel 37 DSGVO nicht vorliegen. Zweck\u00a0der Verarbeitung und Dauer der Speicherung von Daten Zweck der Verarbeitung von Daten ist das Betreiben einer Website mit Informationen zu unseren Dienstleistungen, zu unserem Unternehmen sowie der Darstellung und dem Angebot von Dienstleistungen zu diesen Themen. Sofern nicht anders benannt, werden die Daten nur so lange gespeichert, bis der Zweck erf\u00fcllt ist, zu dem sie uns anvertraut wurden. Soweit handels-, steuer- oder verwaltungsrechtliche Aufbewahrungsfristen zu beachten sind, kann die Speicherdauer bestimmter\u00a0Daten bis zu 10 Jahren betragen. Erfassung allgemeiner Informationen Wenn Sie auf unsere Webseite zugreifen, werden automatisch Informationen allgemeiner Natur erfasst. Diese Informationen (Server-Logfiles) k\u00f6nnen beinhalten: die u.U. anonymisierte IP-Adresse des anfordernden Rechners Datum und Uhrzeit der Anforderung vom anfordernden Rechner gew\u00fcnschte Zugriffsmethode\/Funktion vom anfordernden Rechner \u00fcbermittelte Eingabewerte\u00a0(z.B. Dateiname) Zugriffsstatus des Web-Servers\u00a0(Datei \u00fcbertragen, Datei nicht gefunden, Kommando nicht ausgef\u00fchrt, etc.) URL, von der aus die Datei angefordert\/die gew\u00fcnschte [&hellip;]<\/p>\n","protected":false},"author":1,"featured_media":0,"parent":0,"menu_order":0,"comment_status":"closed","ping_status":"closed","template":"","meta":{"footnotes":""},"class_list":["post-42","page","type-page","status-publish","hentry"],"aioseo_notices":[],"_links":{"self":[{"href":"https:\/\/www.danaroesiger.com\/de\/wp-json\/wp\/v2\/pages\/42\/"}],"collection":[{"href":"https:\/\/www.danaroesiger.com\/de\/wp-json\/wp\/v2\/pages\/"}],"about":[{"href":"https:\/\/www.danaroesiger.com\/de\/wp-json\/wp\/v2\/types\/page\/"}],"author":[{"embeddable":true,"href":"https:\/\/www.danaroesiger.com\/de\/wp-json\/wp\/v2\/users\/1\/"}],"replies":[{"embeddable":true,"href":"https:\/\/www.danaroesiger.com\/de\/wp-json\/wp\/v2\/comments\/?post=42"}],"version-history":[{"count":11,"href":"https:\/\/www.danaroesiger.com\/de\/wp-json\/wp\/v2\/pages\/42\/revisions\/"}],"predecessor-version":[{"id":3768,"href":"https:\/\/www.danaroesiger.com\/de\/wp-json\/wp\/v2\/pages\/42\/revisions\/3768\/"}],"wp:attachment":[{"href":"https:\/\/www.danaroesiger.com\/de\/wp-json\/wp\/v2\/media\/?parent=42"}],"curies":[{"name":"wp","href":"https:\/\/api.w.org\/{rel}","templated":true}]}}